{"id":872,"date":"2026-04-06T22:22:49","date_gmt":"2026-04-06T22:22:49","guid":{"rendered":"https:\/\/femaluma.com\/?page_id=872"},"modified":"2026-04-06T22:22:49","modified_gmt":"2026-04-06T22:22:49","slug":"seon","status":"publish","type":"page","link":"https:\/\/femaluma.com\/pt\/artist\/seon\/","title":{"rendered":"Seon Ghi Bahk"},"content":{"rendered":"<div id=\"fws_69df2437c783f\"  data-column-margin=\"default\" data-midnight=\"dark\"  class=\"wpb_row vc_row-fluid vc_row full-width-section\"  style=\"padding-top: 80px; padding-bottom: 80px; \"><div class=\"row-bg-wrap\" data-bg-animation=\"none\" data-bg-animation-delay=\"\" data-bg-overlay=\"false\"><div class=\"inner-wrap row-bg-layer\" ><div class=\"row-bg viewport-desktop\"  style=\"\"><\/div><\/div><\/div><div class=\"row_col_wrap_12 col span_12 dark left\">\n\t<div  class=\"vc_col-sm-12 wpb_column column_container vc_column_container col no-extra-padding inherit_tablet inherit_phone\"  data-padding-pos=\"all\" data-has-bg-color=\"false\" data-bg-color=\"\" data-bg-opacity=\"1\" data-animation=\"\" data-delay=\"0\" >\n\t\t<div class=\"vc_column-inner\" >\n\t\t\t<div class=\"wpb_wrapper\">\n\t\t\t\t<div id=\"fws_69df2437c7a81\" data-midnight=\"\" data-column-margin=\"default\" class=\"wpb_row vc_row-fluid vc_row inner_row\"  style=\"\"><div class=\"row-bg-wrap\"> <div class=\"row-bg\" ><\/div> <\/div><div class=\"row_col_wrap_12_inner col span_12  left\">\n\t<div  class=\"vc_col-sm-6 wpb_column column_container vc_column_container col child_column no-extra-padding inherit_tablet inherit_phone\"   data-padding-pos=\"all\" data-has-bg-color=\"false\" data-bg-color=\"\" data-bg-opacity=\"1\" data-animation=\"\" data-delay=\"0\" >\n\t\t<div class=\"vc_column-inner\" >\n\t\t<div class=\"wpb_wrapper\">\n\t\t\t\n<div class=\"wpb_text_column wpb_content_element\" >\n\t<div class=\"wpb_wrapper\">\n\t\t<h3>Seon Ghi Bahk<\/h3>\n<p>South Korean<\/p>\n\t<\/div>\n<\/div>\n\n\n\n\n<div class=\"wpb_text_column wpb_content_element\" >\n\t<div class=\"wpb_wrapper\">\n\t\t<p>Utilizando materiais naturais como o carv\u00e3o, Seon Ghi Bahk cria instala\u00e7\u00f5es monumentais que aparentemente desafiam a gravidade, apresentando objetos do cotidiano sob uma nova luz, desligada de seu contexto original.<\/p>\n<p>A explora\u00e7\u00e3o tem\u00e1tica na obra de Bahk gira em torno do ciclo natural da vida e da rela\u00e7\u00e3o da humanidade com a natureza.<\/p>\n<p>Sua s\u00e9rie Agrega\u00e7\u00e3o, que lembra diversas estruturas dom\u00e9sticas, desafia o espectador a reconsiderar sua conex\u00e3o com o mundo natural. Ao suspender peda\u00e7os de carv\u00e3o com filamentos de n\u00e1ilon, Bahk ativa o espa\u00e7o, promovendo um di\u00e1logo entre o ambiente e a obra de arte.<\/p>\n<p>Bahk \u00e9 um artista aclamado internacionalmente, ostentando in\u00fameros pr\u00eamios de prest\u00edgio, incluindo o renomado Pr\u00eamio Kim Chong Yung de Escultura. Seu trabalho foi exibido em importantes exposi\u00e7\u00f5es internacionais em institui\u00e7\u00f5es como o Museu de Arte de Daejeon, na Coreia do Sul, o Museu de Arte de Seul, o Museu de Haifa, em Israel, e a cole\u00e7\u00e3o San Carlo Borromeo, em Mil\u00e3o, It\u00e1lia.<\/p>\n<p>Al\u00e9m disso, suas pe\u00e7as foram adquiridas por in\u00fameras cole\u00e7\u00f5es p\u00fablicas e privadas importantes em todo o mundo, como Funda\u00e7\u00e3o LVMH, Standard Chartered, e outras.<\/p>\n\t<\/div>\n<\/div>\n\n\n\n\n\t\t<\/div> \n\t<\/div>\n\t<\/div> \n\n\t<div  class=\"vc_col-sm-6 wpb_column column_container vc_column_container col child_column no-extra-padding inherit_tablet inherit_phone\"   data-padding-pos=\"all\" data-has-bg-color=\"false\" data-bg-color=\"\" data-bg-opacity=\"1\" data-animation=\"\" data-delay=\"0\" >\n\t\t<div class=\"vc_column-inner\" >\n\t\t<div class=\"wpb_wrapper\">\n\t\t\t<div class=\"img-with-aniamtion-wrap\" data-max-width=\"100%\" data-max-width-mobile=\"default\" data-shadow=\"none\" data-animation=\"none\" >\n      <div class=\"inner\">\n        <div class=\"hover-wrap\"> \n          <div class=\"hover-wrap-inner\">\n            <img loading=\"lazy\" decoding=\"async\" class=\"img-with-animation skip-lazy\" data-delay=\"0\" height=\"1200\" width=\"1000\" data-animation=\"none\" src=\"https:\/\/femaluma.com\/wp-content\/uploads\/2026\/04\/seon.jpg\" alt=\"\" srcset=\"https:\/\/femaluma.com\/wp-content\/uploads\/2026\/04\/seon.jpg 1000w, https:\/\/femaluma.com\/wp-content\/uploads\/2026\/04\/seon-250x300.jpg 250w, https:\/\/femaluma.com\/wp-content\/uploads\/2026\/04\/seon-853x1024.jpg 853w, https:\/\/femaluma.com\/wp-content\/uploads\/2026\/04\/seon-768x922.jpg 768w, https:\/\/femaluma.com\/wp-content\/uploads\/2026\/04\/seon-10x12.jpg 10w\" sizes=\"auto, (max-width: 1000px) 100vw, 1000px\" \/>\n          <\/div>\n        <\/div>\n      <\/div>\n    <\/div><div class=\"divider-wrap\" data-alignment=\"default\"><div style=\"height: 40px;\" class=\"divider\"><\/div><\/div>\n\t\t<\/div> \n\t<\/div>\n\t<\/div> \n<\/div><\/div>\n\t\t\t<\/div> \n\t\t<\/div>\n\t<\/div> \n<\/div><\/div>","protected":false},"excerpt":{"rendered":"Seon Ghi Bahk South Korean Using natural materials such as carving, Seon Ghi Bahk creates monumental installations that...","protected":false},"author":1,"featured_media":0,"parent":587,"menu_order":0,"comment_status":"closed","ping_status":"closed","template":"","meta":{"footnotes":""},"class_list":["post-872","page","type-page","status-publish"],"_links":{"self":[{"href":"https:\/\/femaluma.com\/pt\/wp-json\/wp\/v2\/pages\/872","targetHints":{"allow":["GET"]}}],"collection":[{"href":"https:\/\/femaluma.com\/pt\/wp-json\/wp\/v2\/pages"}],"about":[{"href":"https:\/\/femaluma.com\/pt\/wp-json\/wp\/v2\/types\/page"}],"author":[{"embeddable":true,"href":"https:\/\/femaluma.com\/pt\/wp-json\/wp\/v2\/users\/1"}],"replies":[{"embeddable":true,"href":"https:\/\/femaluma.com\/pt\/wp-json\/wp\/v2\/comments?post=872"}],"version-history":[{"count":1,"href":"https:\/\/femaluma.com\/pt\/wp-json\/wp\/v2\/pages\/872\/revisions"}],"predecessor-version":[{"id":873,"href":"https:\/\/femaluma.com\/pt\/wp-json\/wp\/v2\/pages\/872\/revisions\/873"}],"up":[{"embeddable":true,"href":"https:\/\/femaluma.com\/pt\/wp-json\/wp\/v2\/pages\/587"}],"wp:attachment":[{"href":"https:\/\/femaluma.com\/pt\/wp-json\/wp\/v2\/media?parent=872"}],"curies":[{"name":"wp","href":"https:\/\/api.w.org\/{rel}","templated":true}]}}