{"id":857,"date":"2026-04-01T19:35:46","date_gmt":"2026-04-01T19:35:46","guid":{"rendered":"https:\/\/femaluma.com\/?page_id=857"},"modified":"2026-04-07T00:10:28","modified_gmt":"2026-04-07T00:10:28","slug":"rebeca-sellitti","status":"publish","type":"page","link":"https:\/\/femaluma.com\/pt\/artist\/rebeca-sellitti\/","title":{"rendered":"Rebeca Sellitti"},"content":{"rendered":"<div id=\"fws_69df248a462e5\"  data-column-margin=\"default\" data-midnight=\"dark\"  class=\"wpb_row vc_row-fluid vc_row full-width-section\"  style=\"padding-top: 80px; padding-bottom: 80px; \"><div class=\"row-bg-wrap\" data-bg-animation=\"none\" data-bg-animation-delay=\"\" data-bg-overlay=\"false\"><div class=\"inner-wrap row-bg-layer\" ><div class=\"row-bg viewport-desktop\"  style=\"\"><\/div><\/div><\/div><div class=\"row_col_wrap_12 col span_12 dark left\">\n\t<div  class=\"vc_col-sm-12 wpb_column column_container vc_column_container col no-extra-padding inherit_tablet inherit_phone\"  data-padding-pos=\"all\" data-has-bg-color=\"false\" data-bg-color=\"\" data-bg-opacity=\"1\" data-animation=\"\" data-delay=\"0\" >\n\t\t<div class=\"vc_column-inner\" >\n\t\t\t<div class=\"wpb_wrapper\">\n\t\t\t\t<div id=\"fws_69df248a46578\" data-midnight=\"\" data-column-margin=\"default\" class=\"wpb_row vc_row-fluid vc_row inner_row\"  style=\"\"><div class=\"row-bg-wrap\"> <div class=\"row-bg\" ><\/div> <\/div><div class=\"row_col_wrap_12_inner col span_12  left\">\n\t<div  class=\"vc_col-sm-6 wpb_column column_container vc_column_container col child_column no-extra-padding inherit_tablet inherit_phone\"   data-padding-pos=\"all\" data-has-bg-color=\"false\" data-bg-color=\"\" data-bg-opacity=\"1\" data-animation=\"\" data-delay=\"0\" >\n\t\t<div class=\"vc_column-inner\" >\n\t\t<div class=\"wpb_wrapper\">\n\t\t\t\n<div class=\"wpb_text_column wpb_content_element\" >\n\t<div class=\"wpb_wrapper\">\n\t\t<h3>Rebeca Sellitti<\/h3>\n<p>Esp\u00edrito Santo, Brasil<\/p>\n\t<\/div>\n<\/div>\n\n\n\n\n<div class=\"wpb_text_column wpb_content_element\" >\n\t<div class=\"wpb_wrapper\">\n\t\t<p>Rebeca Sellitti \u00e9 artista visual, nascida no Esp\u00edrito Santo e atualmente baseada no Rio de Janeiro.<\/p>\n<p>Com forma\u00e7\u00e3o em Arquitetura e Urbanismo pela Univix (Vit\u00f3ria, ES) desenvolve sua produ\u00e7\u00e3o em artes visuais desde 2014, com forma\u00e7\u00e3o na Escola de Artes Visuais do Parque Lage. Sua pesquisa se concentra na constru\u00e7\u00e3o de atmosferas liminares a partir da cor e da luz, explorando a presen\u00e7a da figura em di\u00e1logo com o espa\u00e7o e a arquitetura. Ao longo de sua trajet\u00f3ria, realizou cursos e acompanhamentos com artistas e professores do circuito contempor\u00e2neo.<\/p>\n\t<\/div>\n<\/div>\n\n\n\n\n\t\t<\/div> \n\t<\/div>\n\t<\/div> \n\n\t<div  class=\"vc_col-sm-6 wpb_column column_container vc_column_container col child_column no-extra-padding inherit_tablet inherit_phone\"   data-padding-pos=\"all\" data-has-bg-color=\"false\" data-bg-color=\"\" data-bg-opacity=\"1\" data-animation=\"\" data-delay=\"0\" >\n\t\t<div class=\"vc_column-inner\" >\n\t\t<div class=\"wpb_wrapper\">\n\t\t\t<div class=\"img-with-aniamtion-wrap\" data-max-width=\"100%\" data-max-width-mobile=\"default\" data-shadow=\"none\" data-animation=\"none\" >\n      <div class=\"inner\">\n        <div class=\"hover-wrap\"> \n          <div class=\"hover-wrap-inner\">\n            <img loading=\"lazy\" decoding=\"async\" class=\"img-with-animation skip-lazy\" data-delay=\"0\" height=\"1200\" width=\"1000\" data-animation=\"none\" src=\"https:\/\/femaluma.com\/wp-content\/uploads\/2026\/04\/rebeca.jpg\" alt=\"\" srcset=\"https:\/\/femaluma.com\/wp-content\/uploads\/2026\/04\/rebeca.jpg 1000w, https:\/\/femaluma.com\/wp-content\/uploads\/2026\/04\/rebeca-250x300.jpg 250w, https:\/\/femaluma.com\/wp-content\/uploads\/2026\/04\/rebeca-853x1024.jpg 853w, https:\/\/femaluma.com\/wp-content\/uploads\/2026\/04\/rebeca-768x922.jpg 768w, https:\/\/femaluma.com\/wp-content\/uploads\/2026\/04\/rebeca-10x12.jpg 10w\" sizes=\"auto, (max-width: 1000px) 100vw, 1000px\" \/>\n          <\/div>\n        <\/div>\n      <\/div>\n    <\/div><div class=\"divider-wrap\" data-alignment=\"default\"><div style=\"height: 40px;\" class=\"divider\"><\/div><\/div>\n<div class=\"wpb_text_column wpb_content_element\" >\n\t<div class=\"wpb_wrapper\">\n\t\t<h3>Work<\/h3>\n\t<\/div>\n<\/div>\n\n\n\n<p style=\"font-size: 12px;line-height: .1;text-align: left\" class=\"vc_custom_heading vc_do_custom_heading\" >Clique para ampliar<\/p>\n\t<div class=\"wpb_gallery wpb_content_element clearfix\">\n\t\t<div class=\"wpb_wrapper\"><div class=\"wpb_gallery_slides wpb_flexslider flex-gallery flexslider\" data-onclick=\"link_image\" data-interval=\"5\" data-flex_fx=\"fade\"><ul class=\"slides\" data-d-autorotate=\"\"><li><a href=\"https:\/\/femaluma.com\/wp-content\/uploads\/2026\/04\/Rebeca-01.jpg\"><img decoding=\"async\" class=\"skip-lazy\" src=\"https:\/\/femaluma.com\/wp-content\/uploads\/2026\/04\/Rebeca-01-600x400.jpg\" width=\"600\" height=\"400\" alt=\"Rebeca-01\" title=\"Rebeca-01\" loading=\"lazy\" \/><\/a><\/li><li><a href=\"https:\/\/femaluma.com\/wp-content\/uploads\/2026\/04\/Rebeca-02.jpg\"><img decoding=\"async\" class=\"skip-lazy\" src=\"https:\/\/femaluma.com\/wp-content\/uploads\/2026\/04\/Rebeca-02-600x400.jpg\" width=\"600\" height=\"400\" alt=\"Rebeca-02\" title=\"Rebeca-02\" loading=\"lazy\" \/><\/a><\/li><li><a href=\"https:\/\/femaluma.com\/wp-content\/uploads\/2026\/04\/Rebeca-03.jpg\"><img decoding=\"async\" class=\"skip-lazy\" src=\"https:\/\/femaluma.com\/wp-content\/uploads\/2026\/04\/Rebeca-03-600x400.jpg\" width=\"600\" height=\"400\" alt=\"Rebeca-03\" title=\"Rebeca-03\" loading=\"lazy\" \/><\/a><\/li><li><a href=\"https:\/\/femaluma.com\/wp-content\/uploads\/2026\/04\/Rebeca-04.jpg\"><img decoding=\"async\" class=\"skip-lazy\" src=\"https:\/\/femaluma.com\/wp-content\/uploads\/2026\/04\/Rebeca-04-600x400.jpg\" width=\"600\" height=\"400\" alt=\"Rebeca-04\" title=\"Rebeca-04\" loading=\"lazy\" \/><\/a><\/li><li><a href=\"https:\/\/femaluma.com\/wp-content\/uploads\/2026\/04\/Rebeca-05.jpg\"><img decoding=\"async\" class=\"skip-lazy\" src=\"https:\/\/femaluma.com\/wp-content\/uploads\/2026\/04\/Rebeca-05-600x400.jpg\" width=\"600\" height=\"400\" alt=\"Rebeca-05\" title=\"Rebeca-05\" loading=\"lazy\" \/><\/a><\/li><li><a href=\"https:\/\/femaluma.com\/wp-content\/uploads\/2026\/04\/Rebeca-06.jpg\"><img decoding=\"async\" class=\"skip-lazy\" src=\"https:\/\/femaluma.com\/wp-content\/uploads\/2026\/04\/Rebeca-06-600x400.jpg\" width=\"600\" height=\"400\" alt=\"Rebeca-06\" title=\"Rebeca-06\" loading=\"lazy\" \/><\/a><\/li><li><a href=\"https:\/\/femaluma.com\/wp-content\/uploads\/2026\/04\/Rebeca-07.jpg\"><img decoding=\"async\" class=\"skip-lazy\" src=\"https:\/\/femaluma.com\/wp-content\/uploads\/2026\/04\/Rebeca-07-600x400.jpg\" width=\"600\" height=\"400\" alt=\"Rebeca-07\" title=\"Rebeca-07\" loading=\"lazy\" \/><\/a><\/li><\/ul><\/div>\n\t\t<\/div> \n\t<\/div> \n\t\t<\/div> \n\t<\/div>\n\t<\/div> \n<\/div><\/div>\n\t\t\t<\/div> \n\t\t<\/div>\n\t<\/div> \n<\/div><\/div>","protected":false},"excerpt":{"rendered":"Rebeca Sellitti Esp\u00edrito Santo, Brasil Rebeca Sellitti is a visual artist, born in Esp\u00edrito Santo and currently based...","protected":false},"author":1,"featured_media":0,"parent":587,"menu_order":0,"comment_status":"closed","ping_status":"closed","template":"","meta":{"footnotes":""},"class_list":["post-857","page","type-page","status-publish"],"_links":{"self":[{"href":"https:\/\/femaluma.com\/pt\/wp-json\/wp\/v2\/pages\/857","targetHints":{"allow":["GET"]}}],"collection":[{"href":"https:\/\/femaluma.com\/pt\/wp-json\/wp\/v2\/pages"}],"about":[{"href":"https:\/\/femaluma.com\/pt\/wp-json\/wp\/v2\/types\/page"}],"author":[{"embeddable":true,"href":"https:\/\/femaluma.com\/pt\/wp-json\/wp\/v2\/users\/1"}],"replies":[{"embeddable":true,"href":"https:\/\/femaluma.com\/pt\/wp-json\/wp\/v2\/comments?post=857"}],"version-history":[{"count":2,"href":"https:\/\/femaluma.com\/pt\/wp-json\/wp\/v2\/pages\/857\/revisions"}],"predecessor-version":[{"id":878,"href":"https:\/\/femaluma.com\/pt\/wp-json\/wp\/v2\/pages\/857\/revisions\/878"}],"up":[{"embeddable":true,"href":"https:\/\/femaluma.com\/pt\/wp-json\/wp\/v2\/pages\/587"}],"wp:attachment":[{"href":"https:\/\/femaluma.com\/pt\/wp-json\/wp\/v2\/media?parent=857"}],"curies":[{"name":"wp","href":"https:\/\/api.w.org\/{rel}","templated":true}]}}