{"id":670,"date":"2025-01-28T21:50:03","date_gmt":"2025-01-28T21:50:03","guid":{"rendered":"https:\/\/femaluma.com\/?page_id=670"},"modified":"2026-03-31T19:54:26","modified_gmt":"2026-03-31T19:54:26","slug":"suzana-queiroga","status":"publish","type":"page","link":"https:\/\/femaluma.com\/pt\/artist\/suzana-queiroga\/","title":{"rendered":"Suzana Queiroga"},"content":{"rendered":"<div id=\"fws_69df248c45ed8\"  data-column-margin=\"default\" data-midnight=\"dark\"  class=\"wpb_row vc_row-fluid vc_row full-width-section\"  style=\"padding-top: 80px; padding-bottom: 80px; \"><div class=\"row-bg-wrap\" data-bg-animation=\"none\" data-bg-animation-delay=\"\" data-bg-overlay=\"false\"><div class=\"inner-wrap row-bg-layer\" ><div class=\"row-bg viewport-desktop\"  style=\"\"><\/div><\/div><\/div><div class=\"row_col_wrap_12 col span_12 dark left\">\n\t<div  class=\"vc_col-sm-12 wpb_column column_container vc_column_container col no-extra-padding inherit_tablet inherit_phone\"  data-padding-pos=\"all\" data-has-bg-color=\"false\" data-bg-color=\"\" data-bg-opacity=\"1\" data-animation=\"\" data-delay=\"0\" >\n\t\t<div class=\"vc_column-inner\" >\n\t\t\t<div class=\"wpb_wrapper\">\n\t\t\t\t<div id=\"fws_69df248c46124\" data-midnight=\"\" data-column-margin=\"default\" class=\"wpb_row vc_row-fluid vc_row inner_row\"  style=\"\"><div class=\"row-bg-wrap\"> <div class=\"row-bg\" ><\/div> <\/div><div class=\"row_col_wrap_12_inner col span_12  left\">\n\t<div  class=\"vc_col-sm-6 wpb_column column_container vc_column_container col child_column no-extra-padding inherit_tablet inherit_phone\"   data-padding-pos=\"all\" data-has-bg-color=\"false\" data-bg-color=\"\" data-bg-opacity=\"1\" data-animation=\"\" data-delay=\"0\" >\n\t\t<div class=\"vc_column-inner\" >\n\t\t<div class=\"wpb_wrapper\">\n\t\t\t\n<div class=\"wpb_text_column wpb_content_element\" >\n\t<div class=\"wpb_wrapper\">\n\t\t<h3>Suzana Queiroga<\/h3>\n<p>Rio de Janeiro, Brasil<\/p>\n\t<\/div>\n<\/div>\n\n\n\n\n<div class=\"wpb_text_column wpb_content_element\" >\n\t<div class=\"wpb_wrapper\">\n\t\t<p>Suzana Queiroga \u00e9 artista visual desde a d\u00e9cada de 1980 e trabalha com diversas m\u00eddias, incluindo v\u00eddeos, performances, instala\u00e7\u00f5es, infl\u00e1veis, pinturas, desenhos, gravuras e esculturas. Desde 2017, vive em Cascais, Lisboa, e j\u00e1 trabalhou tanto em Portugal quanto no Brasil.<\/p>\n<p>Seus interesses te\u00f3ricos se concentram nas conex\u00f5es e intersec\u00e7\u00f5es entre Arte, Ci\u00eancia e Filosofia, e sua produ\u00e7\u00e3o art\u00edstica \u00e9 permeada pelos temas Tempo, Infinito, F\u00edsica, Matem\u00e1tica e Meio Ambiente. \u00c9 doutora em Hist\u00f3ria das Ci\u00eancias, T\u00e9cnicas e Epistemologia pela UFRJ, doutora sandu\u00edche, PDSE\/CAPES pela Universidade de Lisboa, mestre em Linguagens Visuais pelo PPGAV\/UFRJ e graduada em Artes Pl\u00e1sticas pela EBA\/UFRJ.<\/p>\n<p>Para Queiroga, a vitalidade inerente aos sistemas apresentados nas estruturas da natureza e das cidades, que s\u00e3o interligadas e interdependentes, representam a soma e a simultaneidade de diferentes din\u00e2micas inseridas em v\u00e1rios tempos e fluxos. Para a artista, o fundamental n\u00e3o \u00e9 o tang\u00edvel ou vis\u00edvel, mas sim o que subjaz \u00e0 realidade. A complexidade expressa nas configura\u00e7\u00f5es e desenhos dos sistemas, sejam eles circulat\u00f3rios, termodin\u00e2micos, fluviais, de mar\u00e9, de nuvens, estruturas biol\u00f3gicas, divis\u00f5es celulares, estruturas vegetais, minerais, etc., apresentam uma esp\u00e9cie de cartografia vital, como mapas de fluxo que atestam a presen\u00e7a determinante dos fluidos \u00e1gua e ar para a manuten\u00e7\u00e3o da vida e que s\u00e3o fonte inesgot\u00e1vel de reflex\u00e3o e pesquisa para sua obra.<\/p>\n<p>A artista realizou in\u00fameras exposi\u00e7\u00f5es individuais e coletivas e conquistou 12 pr\u00eamios no Brasil e em Portugal, como o Pr\u00eamio Aquisi\u00e7\u00e3o na XVIII Bienal de Cerveira, em 2015, pela obra em v\u00eddeo Olhos d\u2019\u00e1gua. Resid\u00eancias art\u00edsticas, residente local no AIR 351, Portugal, em 2023\/24, no ZSenne Art Lab, Bruxelas, B\u00e9lgica, e no TUP\/ Maus H\u00e1bitos, Porto, Portugal, em 2021; no AIR 351, Portugal, em 2020 e 2018; no CAAA, Guimar\u00e3es, Portugal, em 2015; IV Bienal del Fin del Mundo, Argentina, em 2014; Instituto Hilda Hilst, S\u00e3o Paulo, em 2013 e Akademie der Bildenden der K\u00fcnste Wien, Viena, \u00c1ustria, em 2012. Suas obras est\u00e3o em diversas cole\u00e7\u00f5es particulares e museus.<\/p>\n<p>&#8212;&#8212;&#8212;&#8212;&#8212;&#8212;&#8212;&#8212;&#8212;&#8212;&#8212;&#8212;&#8212;&#8212;&#8212;&#8212;&#8212;&#8212;&#8212;&#8212;&#8212;&#8212;&#8212;&#8212;&#8212;&#8211;<\/p>\n<p><strong>Pr\u00eamios<em><br \/>\n<\/em><\/strong>2015 &#8211; Pr\u00eamio de Aquisi\u00e7\u00e3o na XVIII Bienal de Cerveira, Portugal<br \/>\n2012 &#8211; V Pr\u00eamio Marcantonio Vila\u00e7a &#8211; MinC\/Funarte para Aquisi\u00e7\u00e3o de Acervos<br \/>\n2005 &#8211; I Pr\u00eamio Nacional Proj\u00e9teis de Arte Contempor\u00e2nea da Funarte, Rio de Janeiro<br \/>\n2000 &#8211; Bolsa de Artes Pl\u00e1sticas do RioArte, com o projeto Pintura no Espa\u00e7o Urbano<br \/>\n1988 &#8211; Pr\u00eamio Aquisi\u00e7\u00e3o em Pintura, X Sal\u00e3o Nacional de Artes Pl\u00e1sticas, Funarte, RJ<br \/>\n1986 &#8211; Pr\u00eamio Aquisi\u00e7\u00e3o em Pintura, IX Sal\u00e3o Nacional de Artes Pl\u00e1sticas, Funarte\/MEC, RJ<br \/>\n1983 &#8211; Pr\u00eamio Aquisi\u00e7\u00e3o em Gravura, VII Sal\u00e3o Carioca de Arte, Rio de Janeiro<br \/>\n1983 &#8211; Pr\u00eamio Aquisi\u00e7\u00e3o em Desenho, XXXVI Sal\u00e3o de Artes Pl\u00e1sticas de Pernambuco, Recife<br \/>\n1982 &#8211; Pr\u00eamio de Gravura, V Mostra Anual de Gravura da Cidade de Curitiba-PR<br \/>\n1982 &#8211; Pr\u00eamio Aquisi\u00e7\u00e3o Gravura, XXXV Sal\u00e3o de Artes Pl\u00e1sticas de Pernambuco, Recife, PE<br \/>\n1982 &#8211; Pr\u00eamio Aquisi\u00e7\u00e3o em Gravura, VI Sal\u00e3o Carioca de Arte, Rio de Janeiro<br \/>\n1981 &#8211; Pr\u00eamio em Gravura no IV Sal\u00e3o Nacional Universit\u00e1rio de Artes Pl\u00e1sticas, Porto Alegre, RS<\/p>\n<p><strong>Exposi\u00e7\u00f5es Individuais<em><br \/>\n<\/em><\/strong>2024 &#8211; O Infinito na caixa, Galeria Bessa Pereira, Lisboa, Portugal.<br \/>\n2023 &#8211; Pelo Tempo &#8211; Suzana Queiroga, Casa de Cultura de Petr\u00f3polis, Rio de Janeiro<br \/>\n2021 &#8211; From My Window, ZSenne Art Lab, Bruxelas, B\u00e9lgica<br \/>\n2021 &#8211; O Mundo segue Indiferente a n\u00f3s, Maus H\u00e1bitos, Porto, Portugal<br \/>\n2019 &#8211; Cartography for Peace, Galeria Sput&amp;Nik the Window, Porto, Portugal<br \/>\n2018 &#8211; Pinturas &#8211; Suzana Queiroga, Cassia Bomeny Galeria, Rio de Janeiro<br \/>\n2018 &#8211; Miradouro, Pa\u00e7o Imperial, Rio de Janeiro<br \/>\n2017 &#8211; Projeto Ver e Sentir Atrav\u00e9s do Toque, Museu Nacional de Belas Artes, Rio de Janeiro<br \/>\n2016 &#8211; Ah, Mol\u00e9cula!, Instala\u00e7\u00e3o infl\u00e1vel flutuante no Museu do Amanh\u00e3, Rio de Janeiro<br \/>\n2015 &#8211; \u00c1guaAr, CAAA, Centro para Assuntos da Arte e Arquitetura, Guimar\u00e3es, Portugal<br \/>\n2014 &#8211; Prel\u00fadio, Galleria Siniscalco, N\u00e1poles, It\u00e1lia<br \/>\n2014 &#8211; Livro do AR, projeto O Grande Campo, Oi Futuro-Flamengo, Rio de Janeiro<br \/>\n2013 &#8211; Sobre Ilhas e Nuvens, Artur Fidalgo galeria, Rio de Janeiro<br \/>\n2013 &#8211; Projeto Interven\u00e7\u00f5es tempor\u00e1rias, Artur Fidalgo Galeria, Rio de Janeiro<br \/>\n2013 &#8211; Olhos d\u2019\u00e1gua, 5\u00ba Pr\u00eamio Marcantonio Vila\u00e7a\/Minc\/Funarte, MAC Niter\u00f3i, RJ<br \/>\n2012 &#8211; Open Studio &#8211; Suzana Queiroga, Akademie der Bildenden K\u00fcnste, Viena, \u00c1ustria<br \/>\n2012 &#8211; O Grande Azul, instala\u00e7\u00e3o infl\u00e1vel penetr\u00e1vel na Casa Fran\u00e7a-Brasil, Rio de Janeiro<br \/>\n2011 &#8211; Flutuo por Ti, Anita Schwartz Galeria de Arte, Rio de Janeiro, Brasil<br \/>\n2009 &#8211; Velofluxo, Projeto Amigos da Gravura, Museu da Ch\u00e1cara do C\u00e9u, Rio de Janeiro<br \/>\n2008 &#8211; Velofluxo, Centro Cultural Banco do Brasil, em Bras\u00edlia, DF<br \/>\n2007 &#8211; Topos, exposi\u00e7\u00e3o do 1\u00ba Pr\u00eamio Proj\u00e9teis de Arte Contempor\u00e2nea da Funarte, RJ<br \/>\n2004 &#8211; In Between, Cavalari\u00e7as do Parque Lage, Rio de Janeiro<br \/>\n2003 &#8211; Trope\u00e7os em Paradoxos, Galeria LGC Arte Hoje, Rio de Janeiro<br \/>\n2000 &#8211; Pinturas, Espa\u00e7o Cultural S\u00e9rgio Porto, Rio de Janeiro<br \/>\n1998 &#8211; Pintura e Modelos, Museu Nacional de Belas Artes do Rio de Janeiro<br \/>\n1995 &#8211; As tr\u00eas Gra\u00e7as, Pa\u00e7o Imperial, Rio de Janeiro<br \/>\n1992 &#8211; Pinturas, Galeria Sergio Milliet, IBAC, Rio de Janeiro<br \/>\n1992 &#8211; Pinturas, Galeria da UFF, Universidade Federal Fluminense, Niter\u00f3i, Rio de Janeiro<br \/>\n1988 &#8211; Pinturas, Galeria Artespa\u00e7o, Rio de Janeiro<br \/>\n1986 &#8211; Pinturas, Galeria de Arte do Centro Empresarial Rio, Rio de Janeiro<\/p>\n<p><strong>Exposi\u00e7\u00f5es Coletivas\u00a0<em><br \/>\n<\/em><\/strong>2024 &#8211; Fullg\u00e1s &#8211; artes visuais e anos 80 no Brasil, Centro Cultural do Banco do Brasil, RJ<br \/>\n2024 &#8211; Qualia #5, Mostra de v\u00eddeos &#8211; Poste Matosinhos Cobe, Porto, Portugal<br \/>\n2023 &#8211; Terra abrecaminhos, Sesc Pomp\u00e9ia, curadoria de Daniela Labra, curadoria adjunta de Hilda de Paulo e assist\u00eancia de curadoria de Ma\u00edra Freitas, SESC Pompeia, S\u00e3o Paulo-SP.<br \/>\n2023 &#8211; Em torno dos 80 &#8211; com Luiz Aquila, curadoria de Monica Xexeo, Cidade das Artes, RJ.<br \/>\n2023 &#8211; Entre\/Frestas, exposi\u00e7\u00e3o de inaugura\u00e7\u00e3o do Instituto de Arte e Design\/Iad\u00ea, S\u00e3o Paulo.<br \/>\n2023 &#8211; Espectro, Novos olhares sobre a cole\u00e7\u00e3o da FBAC &#8211; \u00c0 Liberdade, curadoria de Raphael Fonseca, Funda\u00e7\u00e3o Bienal de Cerveira, Portugal.<br \/>\n2023 &#8211; Quadrantes da Imagem, Atelier 31, Rio de Janeiro.<br \/>\n2022 &#8211; XXII Bienal Internacional de Arte de Cerveira, Vila Nova de Cerveira, Portugal.<br \/>\n2022 &#8211; Viva Brasil, Col\u00e9gio das Artes da Universidade de Coimbra, Coimbra, Portugal<br \/>\n2021 &#8211; Habito\/Habitante, Cavalari\u00e7as do Parque Lage, Rio de Janeiro.<br \/>\n2021 &#8211; Parque de esculturas no Jardim de Glaziou, Casa de Petr\u00f3polis Instituto de Cultura, RJ<br \/>\n2020 &#8211; Sem Limites, F\u00f3rum da Maia, Porto, Portugal<br \/>\n2020 &#8211; Trajectory of Bodies, AIR351, International Residency Program, Cascais, Portugal<br \/>\n2020 &#8211; Passeios Incertos no meu Reino, curadoria Maria de Fatima Lambert, Portugal<br \/>\n2020 &#8211; The Digit ditches the Darkness, on-line exhibition, curadoria Regina Frank, Portugal<br \/>\n2019 &#8211; O Jardim, Casa Roberto Marinho, Rio de Janeiro<br \/>\n2019 &#8211; Clube do Colecionador, Galeria Matias Brotas Arte Contempor\u00e2nea, Vit\u00f3ria, ES<br \/>\n2019 &#8211; Rios do Rio, Museu Hist\u00f3rico Nacional, Rio de Janeiro<br \/>\n2019 &#8211; Exposi\u00e7\u00e3o comemorativa dos 10 anos da Sput&amp;Nik The Window, Porto, Portugal<br \/>\n2018 &#8211; XX Bienal de Cerveira, edi\u00e7\u00e3o dos 20 anos da Bienal, Vila Nova de Cerveira, Portugal<br \/>\n2018 &#8211; Literatura Exposta, Casa Fran\u00e7a-Brasil, Rio de Janeiro<br \/>\n2018 &#8211; MULHERES na Cole\u00e7\u00e3o MAR, Museu de Arte do Rio, Rio de Janeiro<br \/>\n2018 &#8211; Em cada linha um tra\u00e7o, em cada fio uma trama, Martha Pagy Escrit\u00f3rio de Arte, RJ<br \/>\n2017 &#8211; Escola em Transe, Escola de Artes Visuais do Parque Lage, Rio de Janeiro<br \/>\n2017 &#8211; Finalistas do VI Pr\u00eamio Marcantonio Vila\u00e7a para as Artes Pl\u00e1sticas, MUBE, S\u00e3o Paulo<br \/>\n2017 &#8211; XIX Bienal de Cerveira, Vila Nova de Cerveira, Portugal<br \/>\n2017 &#8211; Cinco artistas e a geometria, Um Galeria, Rio de Janeiro<br \/>\n2016 &#8211; A Cor do Brasil, Museu de Arte do Rio, Rio de Janeiro<br \/>\n2015 &#8211; Blue &#8211; A Terra \u00e9 Azul, exposi\u00e7\u00e3o em dupla com a artista Mai-Britt Wolthers, Matias Brotas Arte Contempor\u00e2nea, Vit\u00f3ria, ES<br \/>\n2015 &#8211; XXX FuoriFestival de v\u00eddeos, Pesaro, It\u00e1lia<br \/>\n2015 &#8211; XVIII Bienal de Cerveira, Vila Nova de Cerveira, Portugal<br \/>\n2014 &#8211; Di\u00e1logos da Diversidade, Galeria Matias Brotas Arte Contempor\u00e2nea, Vit\u00f3ria, ES<br \/>\n2014 &#8211; Bola na Rede 2, curadoria de Fernando Cocchiarale e Sonia Salcedo Del Castillo, Funarte\/Bras\u00edlia, DF<br \/>\n2014 &#8211; Mostra Casa Real \u2013 Arte Contempor\u00e2nea entre a Fazenda e o Arranha C\u00e9u, RJ<br \/>\n2014 &#8211; IV Bienal del Fin del Mundo, curadoria de Massimo Scaringella, Espacio Unzu\u00e9, Mar del Plata, Argentina<br \/>\n2014 &#8211; Mat\u00e9rias do Mundo \u2013 Projeto Arte e Ind\u00fastria, Museu de Arte Contempor\u00e2nea de S\u00e3o Paulo, MAC\/USP, SP<br \/>\n2014 &#8211; Maria de todos N\u00f3s, Pa\u00e7o Imperial, Rio de Janeiro<br \/>\n2014 &#8211; Festival de Esculturas do Rio de Janeiro, Centro Cultural da Justi\u00e7a Federal, RJ<br \/>\n2014 &#8211; Interven\u00e7\u00f5es Urbanas ArtRio, Museu da Rep\u00fablica, Rio de Janeiro<br \/>\n2013 &#8211; Bola na Rede\/Copa das Confedera\u00e7\u00f5es\/DF, Funarte\/Bras\u00edlia, DF<br \/>\n2011 &#8211; ArtCena Play, Caixa Cultural do Rio de Janeiro<br \/>\n2011 &#8211; Nova Escultura Brasileira, Caixa Cultural do Rio de Janeiro<br \/>\n2011 &#8211; M\u00faltiplos, Anita Schwartz Galeria de Arte, Rio de Janeiro<br \/>\n2011 &#8211; M\u00faltiplos Sentidos, Galeria Matias Brotas Arte Contempor\u00e2nea, Vit\u00f3ria, ES<br \/>\n2011 &#8211; Sintonias do Olhar, Casa de Cultura Nova Igua\u00e7u, RJ<br \/>\n2010 &#8211; Nano Exhibition, curadoria Marco Antonio Portela, Estocolmo, Su\u00e9cia<br \/>\n2010 &#8211; Mapas Invis\u00edveis, curadoria Daniela Name, Caixa Cultural do Rio de Janeiro<br \/>\n2007 &#8211; Jogos Visuais, curadoria de Manoel Fernandes, Caixa Cultural RJ, Rio de Janeiro<br \/>\n2007 &#8211; Forma(a\u00e7\u00e3o) gr\u00e1fica: a experi\u00eancia da EAV Parque Lage, Rio de Janeiro<br \/>\n2006 &#8211; Arquivo Geral II &#8211; Arte Contempor\u00e2nea, curadoria de Paulo Venancio Filho, CMAH\u00e9lio Oiticica, Rio de Janeiro<br \/>\n2005 &#8211; Innensichten- Aussensichten, no AlphaNova \u2013 Kulturwerkstatt, Berlim, Alemanha<br \/>\n2004 &#8211; Como est\u00e1 voc\u00ea, Gera\u00e7\u00e3o 80?, nos CCBBs do Rio de Janeiro, Bras\u00edlia e de Recife<br \/>\n2004 &#8211; Plasticidades Cienporciento dise\u00f1o (esculturas infl\u00e1veis), no Palais de Glace, Buenos Aires, Argentina<br \/>\n2004 &#8211; Uma viagem de 450 anos, SESC Pomp\u00e9ia, S\u00e3o Paulo<br \/>\n2002 &#8211; Ares e Pensares, esculturas infl\u00e1veis, Sesc Belenzinho, S\u00e3o Paulo<br \/>\n2001 &#8211; A cor e suas po\u00e9ticas, curadoria de Suzi Coralli, E.C. Paschoal Cittadino, Niter\u00f3i, RJ<br \/>\n2000 &#8211; O S\u00e9culo das Mulheres, curadoria de Luiz Aquila, Casa de Petr\u00f3polis, Petr\u00f3polis, RJ<br \/>\n1999 &#8211; Mostra Rio Gravura\/Trajet\u00f3rias, Escola de Artes Visuais do Parque Lage, Rio de Janeiro<br \/>\n1996 &#8211; Geometria Rio, Pa\u00e7o Imperial, Rio de Janeiro<br \/>\n1994 &#8211; Impress\u00f5es \u2013 Serigrafias, Museu do Ing\u00e1 e Parque Lage, Rio de Janeiro<br \/>\n1994 &#8211; Impress\u00f5es Brasil, Casa do Brasil em Madri, Espanha<br \/>\n1991 &#8211; Outros Formatos, Escola de Artes Visuais do Parque Lage, Rio de Janeiro<br \/>\n1991 &#8211; Exposi\u00e7\u00e3o Processo 738.765-2, EAV, FUNARTE\/IBAC, MNBA, Rio de Janeiro<br \/>\n1989 &#8211; O Mestre \u00e0 Mostra, Escola de Artes Visuais do Parque Lage, Rio de Janeiro<br \/>\n1988 &#8211; Litografias Brasileiras\/Norte-Americanas, IBEU, Rio de Janeiro<br \/>\n1987 &#8211; Jovem Arte Carioca, Galeria Maison, em S\u00e3o Paulo<br \/>\n1986 &#8211; Territ\u00f3rio Ocupado, Escola de Artes Visuais do Parque Lage, Rio de Janeiro<br \/>\n1985 &#8211; Velha Mania \u2013 O Desenho Brasileiro, Escola de Artes Visuais do Parque Lage, RJ<br \/>\n1985 &#8211; Olhares Cruzados, Escola de Artes Visuais do Parque Lage, Rio de Janeiro<br \/>\n1984 &#8211; Como vai voc\u00ea, Gera\u00e7\u00e3o 80?, Escola de Artes Visuais do Parque Lage, Rio de Janeiro<\/p>\n\t<\/div>\n<\/div>\n\n\n\n\n\t\t<\/div> \n\t<\/div>\n\t<\/div> \n\n\t<div  class=\"vc_col-sm-6 wpb_column column_container vc_column_container col child_column no-extra-padding inherit_tablet inherit_phone\"   data-padding-pos=\"all\" data-has-bg-color=\"false\" data-bg-color=\"\" data-bg-opacity=\"1\" data-animation=\"\" data-delay=\"0\" >\n\t\t<div class=\"vc_column-inner\" >\n\t\t<div class=\"wpb_wrapper\">\n\t\t\t<div class=\"img-with-aniamtion-wrap\" data-max-width=\"100%\" data-max-width-mobile=\"default\" data-shadow=\"none\" data-animation=\"none\" >\n      <div class=\"inner\">\n        <div class=\"hover-wrap\"> \n          <div class=\"hover-wrap-inner\">\n            <img loading=\"lazy\" decoding=\"async\" class=\"img-with-animation skip-lazy\" data-delay=\"0\" height=\"1200\" width=\"1000\" data-animation=\"none\" src=\"https:\/\/femaluma.com\/wp-content\/uploads\/2025\/01\/suzana-pb.jpg\" alt=\"\" srcset=\"https:\/\/femaluma.com\/wp-content\/uploads\/2025\/01\/suzana-pb.jpg 1000w, https:\/\/femaluma.com\/wp-content\/uploads\/2025\/01\/suzana-pb-250x300.jpg 250w, https:\/\/femaluma.com\/wp-content\/uploads\/2025\/01\/suzana-pb-853x1024.jpg 853w, https:\/\/femaluma.com\/wp-content\/uploads\/2025\/01\/suzana-pb-768x922.jpg 768w\" sizes=\"auto, (max-width: 1000px) 100vw, 1000px\" \/>\n          <\/div>\n        <\/div>\n      <\/div>\n    <\/div><div class=\"divider-wrap\" data-alignment=\"default\"><div style=\"height: 40px;\" class=\"divider\"><\/div><\/div>\n<div class=\"wpb_text_column wpb_content_element\" >\n\t<div class=\"wpb_wrapper\">\n\t\t<h3>Work<\/h3>\n\t<\/div>\n<\/div>\n\n\n\n<p style=\"font-size: 12px;line-height: .1;text-align: left\" class=\"vc_custom_heading vc_do_custom_heading\" >Clique para ampliar<\/p>\n\t<div class=\"wpb_gallery wpb_content_element clearfix\">\n\t\t<div class=\"wpb_wrapper\"><div class=\"wpb_gallery_slides wpb_flexslider flex-gallery flexslider\" data-onclick=\"link_image\" data-interval=\"5\" data-flex_fx=\"fade\"><ul class=\"slides\" data-d-autorotate=\"\"><li><a href=\"https:\/\/femaluma.com\/wp-content\/uploads\/2026\/03\/queiroga-01.jpg\"><img decoding=\"async\" class=\"skip-lazy\" src=\"https:\/\/femaluma.com\/wp-content\/uploads\/2026\/03\/queiroga-01-600x400.jpg\" width=\"600\" height=\"400\" alt=\"queiroga-01\" title=\"queiroga-01\" loading=\"lazy\" \/><\/a><\/li><li><a href=\"https:\/\/femaluma.com\/wp-content\/uploads\/2026\/03\/queiroga-02.jpg\"><img decoding=\"async\" class=\"skip-lazy\" src=\"https:\/\/femaluma.com\/wp-content\/uploads\/2026\/03\/queiroga-02-600x400.jpg\" width=\"600\" height=\"400\" alt=\"queiroga-02\" title=\"queiroga-02\" loading=\"lazy\" \/><\/a><\/li><li><a href=\"https:\/\/femaluma.com\/wp-content\/uploads\/2026\/03\/queiroga-03.jpg\"><img decoding=\"async\" class=\"skip-lazy\" src=\"https:\/\/femaluma.com\/wp-content\/uploads\/2026\/03\/queiroga-03-600x400.jpg\" width=\"600\" height=\"400\" alt=\"queiroga-03\" title=\"queiroga-03\" loading=\"lazy\" \/><\/a><\/li><li><a href=\"https:\/\/femaluma.com\/wp-content\/uploads\/2026\/03\/queiroga-04.jpg\"><img decoding=\"async\" class=\"skip-lazy\" src=\"https:\/\/femaluma.com\/wp-content\/uploads\/2026\/03\/queiroga-04-561x400.jpg\" width=\"561\" height=\"400\" alt=\"queiroga-04\" title=\"queiroga-04\" loading=\"lazy\" \/><\/a><\/li><li><a href=\"https:\/\/femaluma.com\/wp-content\/uploads\/2026\/03\/queiroga-05.jpg\"><img decoding=\"async\" class=\"skip-lazy\" src=\"https:\/\/femaluma.com\/wp-content\/uploads\/2026\/03\/queiroga-05-600x400.jpg\" width=\"600\" height=\"400\" alt=\"queiroga-05\" title=\"queiroga-05\" loading=\"lazy\" \/><\/a><\/li><li><a href=\"https:\/\/femaluma.com\/wp-content\/uploads\/2026\/03\/queiroga-06.jpg\"><img decoding=\"async\" class=\"skip-lazy\" src=\"https:\/\/femaluma.com\/wp-content\/uploads\/2026\/03\/queiroga-06-600x400.jpg\" width=\"600\" height=\"400\" alt=\"queiroga-06\" title=\"queiroga-06\" loading=\"lazy\" \/><\/a><\/li><li><a href=\"https:\/\/femaluma.com\/wp-content\/uploads\/2026\/03\/queiroga-07.jpg\"><img decoding=\"async\" class=\"skip-lazy\" src=\"https:\/\/femaluma.com\/wp-content\/uploads\/2026\/03\/queiroga-07-600x400.jpg\" width=\"600\" height=\"400\" alt=\"queiroga-07\" title=\"queiroga-07\" loading=\"lazy\" \/><\/a><\/li><li><a href=\"https:\/\/femaluma.com\/wp-content\/uploads\/2026\/03\/queiroga-08.jpg\"><img decoding=\"async\" class=\"skip-lazy\" src=\"https:\/\/femaluma.com\/wp-content\/uploads\/2026\/03\/queiroga-08-600x400.jpg\" width=\"600\" height=\"400\" alt=\"queiroga-08\" title=\"queiroga-08\" loading=\"lazy\" \/><\/a><\/li><li><a href=\"https:\/\/femaluma.com\/wp-content\/uploads\/2026\/03\/queiroga-09.jpg\"><img decoding=\"async\" class=\"skip-lazy\" src=\"https:\/\/femaluma.com\/wp-content\/uploads\/2026\/03\/queiroga-09-600x400.jpg\" width=\"600\" height=\"400\" alt=\"queiroga-09\" title=\"queiroga-09\" loading=\"lazy\" \/><\/a><\/li><li><a href=\"https:\/\/femaluma.com\/wp-content\/uploads\/2026\/03\/queiroga-10.jpg\"><img decoding=\"async\" class=\"skip-lazy\" src=\"https:\/\/femaluma.com\/wp-content\/uploads\/2026\/03\/queiroga-10-600x400.jpg\" width=\"600\" height=\"400\" alt=\"queiroga-10\" title=\"queiroga-10\" loading=\"lazy\" \/><\/a><\/li><li><a href=\"https:\/\/femaluma.com\/wp-content\/uploads\/2026\/03\/queiroga-11.jpg\"><img decoding=\"async\" class=\"skip-lazy\" src=\"https:\/\/femaluma.com\/wp-content\/uploads\/2026\/03\/queiroga-11-600x400.jpg\" width=\"600\" height=\"400\" alt=\"queiroga-11\" title=\"queiroga-11\" loading=\"lazy\" \/><\/a><\/li><li><a href=\"https:\/\/femaluma.com\/wp-content\/uploads\/2026\/03\/queiroga-12.jpg\"><img decoding=\"async\" class=\"skip-lazy\" src=\"https:\/\/femaluma.com\/wp-content\/uploads\/2026\/03\/queiroga-12-600x400.jpg\" width=\"600\" height=\"400\" alt=\"queiroga-12\" title=\"queiroga-12\" loading=\"lazy\" \/><\/a><\/li><li><a href=\"https:\/\/femaluma.com\/wp-content\/uploads\/2026\/03\/queiroga-13.jpg\"><img decoding=\"async\" class=\"skip-lazy\" src=\"https:\/\/femaluma.com\/wp-content\/uploads\/2026\/03\/queiroga-13-600x400.jpg\" width=\"600\" height=\"400\" alt=\"queiroga-13\" title=\"queiroga-13\" loading=\"lazy\" \/><\/a><\/li><\/ul><\/div>\n\t\t<\/div> \n\t<\/div> \n\t\t<\/div> \n\t<\/div>\n\t<\/div> \n<\/div><\/div>\n\t\t\t<\/div> \n\t\t<\/div>\n\t<\/div> \n<\/div><\/div>","protected":false},"excerpt":{"rendered":"Suzana Queiroga Rio de Janeiro, Brazil Suzana Queiroga has been a visual artist since the 1980s and works...","protected":false},"author":1,"featured_media":0,"parent":587,"menu_order":0,"comment_status":"closed","ping_status":"closed","template":"","meta":{"footnotes":""},"class_list":["post-670","page","type-page","status-publish"],"_links":{"self":[{"href":"https:\/\/femaluma.com\/pt\/wp-json\/wp\/v2\/pages\/670","targetHints":{"allow":["GET"]}}],"collection":[{"href":"https:\/\/femaluma.com\/pt\/wp-json\/wp\/v2\/pages"}],"about":[{"href":"https:\/\/femaluma.com\/pt\/wp-json\/wp\/v2\/types\/page"}],"author":[{"embeddable":true,"href":"https:\/\/femaluma.com\/pt\/wp-json\/wp\/v2\/users\/1"}],"replies":[{"embeddable":true,"href":"https:\/\/femaluma.com\/pt\/wp-json\/wp\/v2\/comments?post=670"}],"version-history":[{"count":4,"href":"https:\/\/femaluma.com\/pt\/wp-json\/wp\/v2\/pages\/670\/revisions"}],"predecessor-version":[{"id":856,"href":"https:\/\/femaluma.com\/pt\/wp-json\/wp\/v2\/pages\/670\/revisions\/856"}],"up":[{"embeddable":true,"href":"https:\/\/femaluma.com\/pt\/wp-json\/wp\/v2\/pages\/587"}],"wp:attachment":[{"href":"https:\/\/femaluma.com\/pt\/wp-json\/wp\/v2\/media?parent=670"}],"curies":[{"name":"wp","href":"https:\/\/api.w.org\/{rel}","templated":true}]}}