{"id":657,"date":"2025-01-28T16:09:10","date_gmt":"2025-01-28T16:09:10","guid":{"rendered":"https:\/\/femaluma.com\/?page_id=657"},"modified":"2026-04-07T00:10:06","modified_gmt":"2026-04-07T00:10:06","slug":"marcelo-lamarca","status":"publish","type":"page","link":"https:\/\/femaluma.com\/pt\/artist\/marcelo-lamarca\/","title":{"rendered":"Marcelo Lamarca"},"content":{"rendered":"<div id=\"fws_69df2490afc27\"  data-column-margin=\"default\" data-midnight=\"dark\"  class=\"wpb_row vc_row-fluid vc_row full-width-section\"  style=\"padding-top: 80px; padding-bottom: 80px; \"><div class=\"row-bg-wrap\" data-bg-animation=\"none\" data-bg-animation-delay=\"\" data-bg-overlay=\"false\"><div class=\"inner-wrap row-bg-layer\" ><div class=\"row-bg viewport-desktop\"  style=\"\"><\/div><\/div><\/div><div class=\"row_col_wrap_12 col span_12 dark left\">\n\t<div  class=\"vc_col-sm-12 wpb_column column_container vc_column_container col no-extra-padding inherit_tablet inherit_phone\"  data-padding-pos=\"all\" data-has-bg-color=\"false\" data-bg-color=\"\" data-bg-opacity=\"1\" data-animation=\"\" data-delay=\"0\" >\n\t\t<div class=\"vc_column-inner\" >\n\t\t\t<div class=\"wpb_wrapper\">\n\t\t\t\t<div id=\"fws_69df2490afdf2\" data-midnight=\"\" data-column-margin=\"default\" class=\"wpb_row vc_row-fluid vc_row inner_row\"  style=\"\"><div class=\"row-bg-wrap\"> <div class=\"row-bg\" ><\/div> <\/div><div class=\"row_col_wrap_12_inner col span_12  left\">\n\t<div  class=\"vc_col-sm-6 wpb_column column_container vc_column_container col child_column no-extra-padding inherit_tablet inherit_phone\"   data-padding-pos=\"all\" data-has-bg-color=\"false\" data-bg-color=\"\" data-bg-opacity=\"1\" data-animation=\"\" data-delay=\"0\" >\n\t\t<div class=\"vc_column-inner\" >\n\t\t<div class=\"wpb_wrapper\">\n\t\t\t\n<div class=\"wpb_text_column wpb_content_element\" >\n\t<div class=\"wpb_wrapper\">\n\t\t<h3>Marcelo Lamarca<\/h3>\n<p>Rio de Janeiro, Brasil<\/p>\n\t<\/div>\n<\/div>\n\n\n\n\n<div class=\"wpb_text_column wpb_content_element\" >\n\t<div class=\"wpb_wrapper\">\n\t\t<p>Marcelo Lamarca nasceu em 1979, no Rio de Janeiro e j\u00e1 na inf\u00e2ncia demonstrava interesse pela arte. Construiu seu repert\u00f3rio e estilo, influenciado por variadas formas de express\u00e3o, como as artes pl\u00e1sticas, a fotografia e a m\u00fasica, al\u00e9m da genu\u00edna aprecia\u00e7\u00e3o das formas da natureza.<\/p>\n<p>Os tra\u00e7os fluidos e cores vibrantes s\u00e3o caracter\u00edsticas marcantes em suas obras, que n\u00e3o buscam apenas retratar a natureza, elas reimaginam suas formas, seus ciclos e sua\nenergia. Seres vegetais, animais e fantasiosos nascem de uma intui\u00e7\u00e3o que vai em dire\u00e7\u00e3o ao que \u00e9 essencial e eterno. Esses s\u00edmbolos representam mais do que o que podemos ver: s\u00e3o met\u00e1foras de transforma\u00e7\u00e3o, de crescimento e da interconex\u00e3o que nos sustenta.<\/p>\n<p>Graduado em Design Gr\u00e1fico com \u00eanfase em Marketing e Comunica\u00e7\u00e3o Visual pela ESPM,\nconciliou sua produ\u00e7\u00e3o no ateli\u00ea, ao desenvolvimentos de projetos visuais para importantes escrit\u00f3rios de arquitetura e grandes marcas do mercado. Ainda soma ao seu portf\u00f3lio, uma especial performance live painting na ONU em Genebra, exposi\u00e7\u00f5es de suas obras em galerias e espa\u00e7os culturais relevantes, como Laurent Marthaler Contemporary, Casa Fran\u00e7a-Brasil, Museu de Arte Urbana do Porto, al\u00e9m de participa\u00e7\u00f5es ativas em projetos socioculturais.<\/p>\n\t<\/div>\n<\/div>\n\n\n\n\n\t\t<\/div> \n\t<\/div>\n\t<\/div> \n\n\t<div  class=\"vc_col-sm-6 wpb_column column_container vc_column_container col child_column no-extra-padding inherit_tablet inherit_phone\"   data-padding-pos=\"all\" data-has-bg-color=\"false\" data-bg-color=\"\" data-bg-opacity=\"1\" data-animation=\"\" data-delay=\"0\" >\n\t\t<div class=\"vc_column-inner\" >\n\t\t<div class=\"wpb_wrapper\">\n\t\t\t<div class=\"img-with-aniamtion-wrap\" data-max-width=\"100%\" data-max-width-mobile=\"default\" data-shadow=\"none\" data-animation=\"none\" >\n      <div class=\"inner\">\n        <div class=\"hover-wrap\"> \n          <div class=\"hover-wrap-inner\">\n            <img loading=\"lazy\" decoding=\"async\" class=\"img-with-animation skip-lazy\" data-delay=\"0\" height=\"1200\" width=\"1000\" data-animation=\"none\" src=\"https:\/\/femaluma.com\/wp-content\/uploads\/2026\/04\/marcelolamarca-2.jpg\" alt=\"\" srcset=\"https:\/\/femaluma.com\/wp-content\/uploads\/2026\/04\/marcelolamarca-2.jpg 1000w, https:\/\/femaluma.com\/wp-content\/uploads\/2026\/04\/marcelolamarca-2-250x300.jpg 250w, https:\/\/femaluma.com\/wp-content\/uploads\/2026\/04\/marcelolamarca-2-853x1024.jpg 853w, https:\/\/femaluma.com\/wp-content\/uploads\/2026\/04\/marcelolamarca-2-768x922.jpg 768w, https:\/\/femaluma.com\/wp-content\/uploads\/2026\/04\/marcelolamarca-2-10x12.jpg 10w\" sizes=\"auto, (max-width: 1000px) 100vw, 1000px\" \/>\n          <\/div>\n        <\/div>\n      <\/div>\n    <\/div><div class=\"divider-wrap\" data-alignment=\"default\"><div style=\"height: 40px;\" class=\"divider\"><\/div><\/div>\n<div class=\"wpb_text_column wpb_content_element\" >\n\t<div class=\"wpb_wrapper\">\n\t\t<h3>Work<\/h3>\n\t<\/div>\n<\/div>\n\n\n\n<p style=\"font-size: 12px;line-height: .1;text-align: left\" class=\"vc_custom_heading vc_do_custom_heading\" >Clique para ampliar<\/p>\n\t<div class=\"wpb_gallery wpb_content_element clearfix\">\n\t\t<div class=\"wpb_wrapper\"><div class=\"wpb_gallery_slides wpb_flexslider flex-gallery flexslider\" data-onclick=\"link_image\" data-interval=\"5\" data-flex_fx=\"fade\"><ul class=\"slides\" data-d-autorotate=\"\"><li><a href=\"https:\/\/femaluma.com\/wp-content\/uploads\/2026\/03\/Lamarca-01.jpg\"><img decoding=\"async\" class=\"skip-lazy\" src=\"https:\/\/femaluma.com\/wp-content\/uploads\/2026\/03\/Lamarca-01-600x400.jpg\" width=\"600\" height=\"400\" alt=\"Lamarca-01\" title=\"Lamarca-01\" loading=\"lazy\" \/><\/a><\/li><li><a href=\"https:\/\/femaluma.com\/wp-content\/uploads\/2026\/03\/Lamarca-02.jpg\"><img decoding=\"async\" class=\"skip-lazy\" src=\"https:\/\/femaluma.com\/wp-content\/uploads\/2026\/03\/Lamarca-02-600x400.jpg\" width=\"600\" height=\"400\" alt=\"Lamarca-02\" title=\"Lamarca-02\" loading=\"lazy\" \/><\/a><\/li><li><a href=\"https:\/\/femaluma.com\/wp-content\/uploads\/2026\/03\/Lamarca-03.jpg\"><img decoding=\"async\" class=\"skip-lazy\" src=\"https:\/\/femaluma.com\/wp-content\/uploads\/2026\/03\/Lamarca-03-600x400.jpg\" width=\"600\" height=\"400\" alt=\"Lamarca-03\" title=\"Lamarca-03\" loading=\"lazy\" \/><\/a><\/li><li><a href=\"https:\/\/femaluma.com\/wp-content\/uploads\/2026\/03\/Lamarca-04.jpg\"><img decoding=\"async\" class=\"skip-lazy\" src=\"https:\/\/femaluma.com\/wp-content\/uploads\/2026\/03\/Lamarca-04-600x400.jpg\" width=\"600\" height=\"400\" alt=\"Lamarca-04\" title=\"Lamarca-04\" loading=\"lazy\" \/><\/a><\/li><li><a href=\"https:\/\/femaluma.com\/wp-content\/uploads\/2026\/03\/Lamarca-05.jpg\"><img decoding=\"async\" class=\"skip-lazy\" src=\"https:\/\/femaluma.com\/wp-content\/uploads\/2026\/03\/Lamarca-05-600x400.jpg\" width=\"600\" height=\"400\" alt=\"Lamarca-05\" title=\"Lamarca-05\" loading=\"lazy\" \/><\/a><\/li><\/ul><\/div>\n\t\t<\/div> \n\t<\/div> \n\t\t<\/div> \n\t<\/div>\n\t<\/div> \n<\/div><\/div>\n\t\t\t<\/div> \n\t\t<\/div>\n\t<\/div> \n<\/div><\/div>","protected":false},"excerpt":{"rendered":"Marcelo Lamarca Rio de Janeiro, Brazil Marcelo Lamarca was born in 1979 in Rio de Janeiro and showed...","protected":false},"author":1,"featured_media":0,"parent":587,"menu_order":0,"comment_status":"closed","ping_status":"closed","template":"","meta":{"footnotes":""},"class_list":["post-657","page","type-page","status-publish"],"_links":{"self":[{"href":"https:\/\/femaluma.com\/pt\/wp-json\/wp\/v2\/pages\/657","targetHints":{"allow":["GET"]}}],"collection":[{"href":"https:\/\/femaluma.com\/pt\/wp-json\/wp\/v2\/pages"}],"about":[{"href":"https:\/\/femaluma.com\/pt\/wp-json\/wp\/v2\/types\/page"}],"author":[{"embeddable":true,"href":"https:\/\/femaluma.com\/pt\/wp-json\/wp\/v2\/users\/1"}],"replies":[{"embeddable":true,"href":"https:\/\/femaluma.com\/pt\/wp-json\/wp\/v2\/comments?post=657"}],"version-history":[{"count":6,"href":"https:\/\/femaluma.com\/pt\/wp-json\/wp\/v2\/pages\/657\/revisions"}],"predecessor-version":[{"id":877,"href":"https:\/\/femaluma.com\/pt\/wp-json\/wp\/v2\/pages\/657\/revisions\/877"}],"up":[{"embeddable":true,"href":"https:\/\/femaluma.com\/pt\/wp-json\/wp\/v2\/pages\/587"}],"wp:attachment":[{"href":"https:\/\/femaluma.com\/pt\/wp-json\/wp\/v2\/media?parent=657"}],"curies":[{"name":"wp","href":"https:\/\/api.w.org\/{rel}","templated":true}]}}