{"id":639,"date":"2025-01-28T15:52:31","date_gmt":"2025-01-28T15:52:31","guid":{"rendered":"https:\/\/femaluma.com\/?page_id=639"},"modified":"2026-03-31T19:48:02","modified_gmt":"2026-03-31T19:48:02","slug":"joana-tubal","status":"publish","type":"page","link":"https:\/\/femaluma.com\/pt\/artist\/joana-tubal\/","title":{"rendered":"Joana Tubal"},"content":{"rendered":"<div id=\"fws_69df243755beb\"  data-column-margin=\"default\" data-midnight=\"dark\"  class=\"wpb_row vc_row-fluid vc_row full-width-section\"  style=\"padding-top: 80px; padding-bottom: 80px; \"><div class=\"row-bg-wrap\" data-bg-animation=\"none\" data-bg-animation-delay=\"\" data-bg-overlay=\"false\"><div class=\"inner-wrap row-bg-layer\" ><div class=\"row-bg viewport-desktop\"  style=\"\"><\/div><\/div><\/div><div class=\"row_col_wrap_12 col span_12 dark left\">\n\t<div  class=\"vc_col-sm-12 wpb_column column_container vc_column_container col no-extra-padding inherit_tablet inherit_phone\"  data-padding-pos=\"all\" data-has-bg-color=\"false\" data-bg-color=\"\" data-bg-opacity=\"1\" data-animation=\"\" data-delay=\"0\" >\n\t\t<div class=\"vc_column-inner\" >\n\t\t\t<div class=\"wpb_wrapper\">\n\t\t\t\t<div id=\"fws_69df243755e20\" data-midnight=\"\" data-column-margin=\"default\" class=\"wpb_row vc_row-fluid vc_row inner_row\"  style=\"\"><div class=\"row-bg-wrap\"> <div class=\"row-bg\" ><\/div> <\/div><div class=\"row_col_wrap_12_inner col span_12  left\">\n\t<div  class=\"vc_col-sm-6 wpb_column column_container vc_column_container col child_column no-extra-padding inherit_tablet inherit_phone\"   data-padding-pos=\"all\" data-has-bg-color=\"false\" data-bg-color=\"\" data-bg-opacity=\"1\" data-animation=\"\" data-delay=\"0\" >\n\t\t<div class=\"vc_column-inner\" >\n\t\t<div class=\"wpb_wrapper\">\n\t\t\t\n<div class=\"wpb_text_column wpb_content_element\" >\n\t<div class=\"wpb_wrapper\">\n\t\t<h3>Joana Tubal<\/h3>\n<p>Lisboa, Portugal<\/p>\n\t<\/div>\n<\/div>\n\n\n\n\n<div class=\"wpb_text_column wpb_content_element\" >\n\t<div class=\"wpb_wrapper\">\n\t\t<p>A express\u00e3o criativa encontrou a pintora Joana Tubal cedo. Nascida no Outono de 1987, em Lisboa, a artista cresceu a explorar as ruas desta cidade usando meios diferentes para ilustrar as suas ideias at\u00e9 encontrar na pintura o seu ve\u00edculo de excel\u00eancia \u2014 e nos trajes tradicionais um tema f\u00e9rtil.<\/p>\n<p>Licenciada em Design, no IADE (Instituto de Artes Visuais, Design e Marketing), Joana Tubal come\u00e7ou por explorar o mundo \u00e0 sua volta atrav\u00e9s da m\u00e1quina fotogr\u00e1fica. Seguiram-se uma p\u00f3s-gradua\u00e7\u00e3o em Fotografia e Arte Contempor\u00e2nea, no Atelier de Lisboa e, mais tarde, um mestrado em Fotografia na Academia Royal des Beaux Arts, uma refer\u00eancia no ensino criativo de Bruxelas.<\/p>\n<p>A fotografia foi o in\u00edcio de um estudo apaixonado sobre o mundo \u00e0 sua volta. Atrav\u00e9s deste meio, a artista sentia-se capaz de em poucas imagens representar uma realidade imensur\u00e1vel, contando uma hist\u00f3ria que de outra maneira n\u00e3o seria poss\u00edvel de ilustrar.<\/p>\n<p>Joana Tubal sempre abordou o seu trabalho em fotografia de uma forma multi-disciplinar, pedindo emprestado \u00e0 pintura muitos dos seus elementos. \u201cAinda me falta encontrar uma forma de criar arte fotogr\u00e1fica que v\u00e1 para al\u00e9m da c\u00e2mara,\u201d disse um dia a prop\u00f3sito de um projecto que iniciou em Bruxelas.<\/p>\n<p>A pintura sempre caminhou a seu lado mas em 2018 deram as m\u00e3os num percurso exclusivo que teve in\u00edcio na \u00cdndia, para onde se mudou com a familia.<\/p>\n<p>Nesse momento, a fotografia passou para segundo plano por n\u00e3o permitir a amplitude necess\u00e1ria para captar as cores do seu novo pa\u00eds de resid\u00eancia. \u201cViver num pa\u00eds riqu\u00edssimo culturalmente mas com tantos problemas faz-nos pensar na vida de forma diferente. Por isso decidi p\u00f4r de parte esse sentimento e procurar a cor,\u201d explicou Joana Tubal.<\/p>\n<p>Os trajes incandescentes das mulheres indianas foram o in\u00edcio de um projecto que j\u00e1 deu a volta ao mundo. Nesta s\u00e9rie de quadros, onde reinam a cor e as formas geom\u00e9tricas, a artista celebra a import\u00e2ncia da roupa, n\u00e3o como um meio que nos permite aquecer e proteger do frio mas como um ve\u00edculo que promove sentimentos de perten\u00e7a e comunidade, e do papel das mulheres em estabelecer estes la\u00e7os.<\/p>\n<p>&#8212;&#8212;&#8212;&#8212;&#8212;&#8212;&#8212;&#8212;&#8212;&#8212;&#8212;&#8212;&#8212;&#8212;&#8212;&#8212;&#8212;&#8212;&#8212;&#8212;&#8212;&#8212;&#8212;&#8212;&#8212;&#8211;<\/p>\n<p><strong>Forma\u00e7\u00e3o<em><br \/>\n<\/em><\/strong>2013\/2014 &#8211; Acad\u00e9mie Royal des Beaux Arts, Brussels &#8211; Masters in Photography<em><br \/>\n<\/em>2011\/2012 &#8211; IPA, Lisbon &#8211; Post-Gradutation in Photography, Project and Contemporary Art<br \/>\n2006\/2009 &#8211; IADE, Lisbon &#8211; Design<\/p>\n<p><strong>Exposi\u00e7\u00f5es Coletivas\u00a0<em><br \/>\n<\/em><\/strong>2014 &#8211; \u201cCeci n`est pas une victime\u201d &#8211; Cocof, Brussels, BELGIUM<br \/>\n2013 &#8211; \u201cD\u00e9ja Vu\u201d &#8211; 1814 Magazine Pop Up Gallery, Texas, USA<br \/>\n2012 &#8211; \u201cD\u00e9ja Vu\u201d &#8211; Galeria Pal\u00e1cio Galveias, Lisbon, PORTUGAL<\/p>\n<p><strong>Exposi\u00e7\u00f5es Individuais<em><br \/>\n<\/em><\/strong>2023 &#8211; \u201cTradi\u00e7\u00f5es\u201d &#8211; Vigo, SPAIN<br \/>\n2022 &#8211; \u201cPortugal y Colombia en Fiesta\u201d &#8211; Club de Popayan, COLOMBIA<br \/>\n2021 &#8211; \u201cLas mujeres de mi pa\u00eds\u201d &#8211; Fundacion Escuela Taller Barichara, COLOMBIA<\/p>\n\t<\/div>\n<\/div>\n\n\n\n\n\t\t<\/div> \n\t<\/div>\n\t<\/div> \n\n\t<div  class=\"vc_col-sm-6 wpb_column column_container vc_column_container col child_column no-extra-padding inherit_tablet inherit_phone\"   data-padding-pos=\"all\" data-has-bg-color=\"false\" data-bg-color=\"\" data-bg-opacity=\"1\" data-animation=\"\" data-delay=\"0\" >\n\t\t<div class=\"vc_column-inner\" >\n\t\t<div class=\"wpb_wrapper\">\n\t\t\t<div class=\"img-with-aniamtion-wrap\" data-max-width=\"100%\" data-max-width-mobile=\"default\" data-shadow=\"none\" data-animation=\"none\" >\n      <div class=\"inner\">\n        <div class=\"hover-wrap\"> \n          <div class=\"hover-wrap-inner\">\n            <img loading=\"lazy\" decoding=\"async\" class=\"img-with-animation skip-lazy\" data-delay=\"0\" height=\"1200\" width=\"1000\" data-animation=\"none\" src=\"https:\/\/femaluma.com\/wp-content\/uploads\/2024\/08\/JT-pb.jpg\" alt=\"\" srcset=\"https:\/\/femaluma.com\/wp-content\/uploads\/2024\/08\/JT-pb.jpg 1000w, https:\/\/femaluma.com\/wp-content\/uploads\/2024\/08\/JT-pb-250x300.jpg 250w, https:\/\/femaluma.com\/wp-content\/uploads\/2024\/08\/JT-pb-853x1024.jpg 853w, https:\/\/femaluma.com\/wp-content\/uploads\/2024\/08\/JT-pb-768x922.jpg 768w\" sizes=\"auto, (max-width: 1000px) 100vw, 1000px\" \/>\n          <\/div>\n        <\/div>\n      <\/div>\n    <\/div><div class=\"divider-wrap\" data-alignment=\"default\"><div style=\"height: 40px;\" class=\"divider\"><\/div><\/div>\n<div class=\"wpb_text_column wpb_content_element\" >\n\t<div class=\"wpb_wrapper\">\n\t\t<h3>Work<\/h3>\n\t<\/div>\n<\/div>\n\n\n\n<p style=\"font-size: 12px;line-height: .1;text-align: left\" class=\"vc_custom_heading vc_do_custom_heading\" >Clique para ampliar<\/p>\n\t<div class=\"wpb_gallery wpb_content_element clearfix\">\n\t\t<div class=\"wpb_wrapper\"><div class=\"wpb_gallery_slides wpb_flexslider flex-gallery flexslider\" data-onclick=\"link_image\" data-interval=\"5\" data-flex_fx=\"fade\"><ul class=\"slides\" data-d-autorotate=\"\"><li><a href=\"https:\/\/femaluma.com\/wp-content\/uploads\/2026\/03\/tubal-03.jpg\"><img decoding=\"async\" class=\"skip-lazy\" src=\"https:\/\/femaluma.com\/wp-content\/uploads\/2026\/03\/tubal-03-600x400.jpg\" width=\"600\" height=\"400\" alt=\"tubal-03\" title=\"tubal-03\" loading=\"lazy\" \/><\/a><\/li><li><a href=\"https:\/\/femaluma.com\/wp-content\/uploads\/2026\/03\/tubal-02.jpg\"><img decoding=\"async\" class=\"skip-lazy\" src=\"https:\/\/femaluma.com\/wp-content\/uploads\/2026\/03\/tubal-02-600x400.jpg\" width=\"600\" height=\"400\" alt=\"tubal-02\" title=\"tubal-02\" loading=\"lazy\" \/><\/a><\/li><li><a href=\"https:\/\/femaluma.com\/wp-content\/uploads\/2026\/03\/tubal-01.jpg\"><img decoding=\"async\" class=\"skip-lazy\" src=\"https:\/\/femaluma.com\/wp-content\/uploads\/2026\/03\/tubal-01-600x400.jpg\" width=\"600\" height=\"400\" alt=\"tubal-01\" title=\"tubal-01\" loading=\"lazy\" \/><\/a><\/li><li><a href=\"https:\/\/femaluma.com\/wp-content\/uploads\/2026\/03\/tubal-04.jpg\"><img decoding=\"async\" class=\"skip-lazy\" src=\"https:\/\/femaluma.com\/wp-content\/uploads\/2026\/03\/tubal-04-600x400.jpg\" width=\"600\" height=\"400\" alt=\"tubal-04\" title=\"tubal-04\" loading=\"lazy\" \/><\/a><\/li><li><a href=\"https:\/\/femaluma.com\/wp-content\/uploads\/2026\/03\/tubal-05.jpg\"><img decoding=\"async\" class=\"skip-lazy\" src=\"https:\/\/femaluma.com\/wp-content\/uploads\/2026\/03\/tubal-05-600x400.jpg\" width=\"600\" height=\"400\" alt=\"tubal-05\" title=\"tubal-05\" loading=\"lazy\" \/><\/a><\/li><\/ul><\/div>\n\t\t<\/div> \n\t<\/div> \n\t\t<\/div> \n\t<\/div>\n\t<\/div> \n<\/div><\/div>\n\t\t\t<\/div> \n\t\t<\/div>\n\t<\/div> \n<\/div><\/div>","protected":false},"excerpt":{"rendered":"Joana Tubal Lisboa, Portugal Creative expression found painter Joana Tubal early. Born in the autumn of 1987, in...","protected":false},"author":1,"featured_media":0,"parent":587,"menu_order":0,"comment_status":"closed","ping_status":"closed","template":"","meta":{"footnotes":""},"class_list":["post-639","page","type-page","status-publish"],"_links":{"self":[{"href":"https:\/\/femaluma.com\/pt\/wp-json\/wp\/v2\/pages\/639","targetHints":{"allow":["GET"]}}],"collection":[{"href":"https:\/\/femaluma.com\/pt\/wp-json\/wp\/v2\/pages"}],"about":[{"href":"https:\/\/femaluma.com\/pt\/wp-json\/wp\/v2\/types\/page"}],"author":[{"embeddable":true,"href":"https:\/\/femaluma.com\/pt\/wp-json\/wp\/v2\/users\/1"}],"replies":[{"embeddable":true,"href":"https:\/\/femaluma.com\/pt\/wp-json\/wp\/v2\/comments?post=639"}],"version-history":[{"count":9,"href":"https:\/\/femaluma.com\/pt\/wp-json\/wp\/v2\/pages\/639\/revisions"}],"predecessor-version":[{"id":834,"href":"https:\/\/femaluma.com\/pt\/wp-json\/wp\/v2\/pages\/639\/revisions\/834"}],"up":[{"embeddable":true,"href":"https:\/\/femaluma.com\/pt\/wp-json\/wp\/v2\/pages\/587"}],"wp:attachment":[{"href":"https:\/\/femaluma.com\/pt\/wp-json\/wp\/v2\/media?parent=639"}],"curies":[{"name":"wp","href":"https:\/\/api.w.org\/{rel}","templated":true}]}}