{"id":606,"date":"2024-11-27T16:09:42","date_gmt":"2024-11-27T16:09:42","guid":{"rendered":"https:\/\/femaluma.com\/?page_id=606"},"modified":"2026-03-31T16:25:08","modified_gmt":"2026-03-31T16:25:08","slug":"about","status":"publish","type":"page","link":"https:\/\/femaluma.com\/pt\/about\/","title":{"rendered":"About"},"content":{"rendered":"<div id=\"fws_69df248b3fe33\"  data-column-margin=\"default\" data-midnight=\"dark\" data-top-percent=\"7%\"  class=\"wpb_row vc_row-fluid vc_row full-width-content vc_row-o-equal-height vc_row-flex vc_row-o-content-top  top_margin_-5pct right_padding_8pct left_padding_8pct top_padding_tablet_20pct top_padding_phone_20px bottom_padding_tablet_15pct bottom_padding_phone_5px top_margin_tablet_0px\"  style=\"padding-top: calc(100vw * 0.07); padding-bottom: 0px; \"><div class=\"row-bg-wrap\" data-bg-animation=\"none\" data-bg-animation-delay=\"\" data-bg-overlay=\"false\"><div class=\"inner-wrap row-bg-layer\" ><div class=\"row-bg viewport-desktop\"  style=\"\"><\/div><\/div><\/div><div class=\"row_col_wrap_12 col span_12 dark left\">\n\t<div  class=\"vc_col-sm-12 wpb_column column_container vc_column_container col no-extra-padding inherit_tablet inherit_phone\"  data-padding-pos=\"all\" data-has-bg-color=\"false\" data-bg-color=\"\" data-bg-opacity=\"1\" data-animation=\"\" data-delay=\"0\" >\n\t\t<div class=\"vc_column-inner\" >\n\t\t\t<div class=\"wpb_wrapper\">\n\t\t\t\t<div id=\"fws_69df248b3fff8\" data-midnight=\"\" data-column-margin=\"default\" class=\"wpb_row vc_row-fluid vc_row inner_row  bottom_padding_tablet_6pct\"  style=\"padding-bottom: 3%; \"><div class=\"row-bg-wrap\"> <div class=\"row-bg\" ><\/div> <\/div><div class=\"row_col_wrap_12_inner col span_12  left\">\n\t<div  class=\"vc_col-sm-12 wpb_column column_container vc_column_container col child_column no-extra-padding inherit_tablet inherit_phone\"   data-padding-pos=\"all\" data-has-bg-color=\"false\" data-bg-color=\"\" data-bg-opacity=\"1\" data-animation=\"\" data-delay=\"0\" >\n\t\t<div class=\"vc_column-inner\" >\n\t\t<div class=\"wpb_wrapper\">\n\t\t\t<div class=\"nectar-split-heading  font_size_3vw font_line_height_1-5\" data-align=\"default\" data-m-align=\"inherit\" data-text-effect=\"none\" data-animation-type=\"line-reveal-by-space\" data-animation-delay=\"0\" data-animation-offset=\"\" data-m-rm-animation=\"\" data-stagger=\"\" data-custom-font-size=\"true\" style=\"font-size: 3vw; line-height: 3.3vw;\"><h3 >About FEMALUMA<\/h3><\/div>\n\t\t<\/div> \n\t<\/div>\n\t<\/div> \n<\/div><\/div>\n\t\t\t<\/div> \n\t\t<\/div>\n\t<\/div> \n<\/div><\/div>\n\t\t<div id=\"fws_69df248b401c1\"  data-column-margin=\"default\" data-midnight=\"dark\"  class=\"wpb_row vc_row-fluid vc_row full-width-content vc_row-o-equal-height vc_row-flex vc_row-o-content-top  right_padding_8pct left_padding_8pct bottom_padding_phone_80px\"  style=\"padding-top: 0px; padding-bottom: 0px; \"><div class=\"row-bg-wrap\" data-bg-animation=\"none\" data-bg-animation-delay=\"\" data-bg-overlay=\"false\"><div class=\"inner-wrap row-bg-layer\" ><div class=\"row-bg viewport-desktop\"  style=\"\"><\/div><\/div><\/div><div class=\"row_col_wrap_12 col span_12 dark left\">\n\t<div  class=\"vc_col-sm-6 wpb_column column_container vc_column_container col no-extra-padding inherit_tablet inherit_phone\"  data-padding-pos=\"all\" data-has-bg-color=\"false\" data-bg-color=\"\" data-bg-opacity=\"1\" data-animation=\"\" data-delay=\"0\" >\n\t\t<div class=\"vc_column-inner\" >\n\t\t\t<div class=\"wpb_wrapper\">\n\t\t\t\t\n<div class=\"wpb_text_column wpb_content_element\" >\n\t<div class=\"wpb_wrapper\">\n\t\t<p>FEMALUMA Gallery is the culmination of over a decade of collecting and obsession about art, and the passion for a special village.<\/p>\n<p>A nossa primeira localiza\u00e7\u00e3o \u00e9 mesmo junto \u00e0 praia, no Centro Hist\u00f3rico de Cascais, Portugal, um local multicultural com visitantes e residentes de todo o mundo, tornando-o no local perfeito para iniciar este projeto. Os nossos fundadores, Pedro e Carolina, um casal brasileiro que se mudou para Cascais em 2020, passaram quase 2 anos \u00e0 procura do local perfeito e finalmente encontraram-no no n\u00famero 9 da Rua Afonso Sanches. Virado para a Ba\u00eda de Cascais, este Edif\u00edcio, denominado Edif\u00edcio Vidraceiro, foi uma hist\u00f3rica f\u00e1brica de vidro portuguesa que foi desativada.<\/p>\n<p>Com um foco principal no mercado prim\u00e1rio, a galeria pretende trabalhar com artistas emergentes e consagrados atrav\u00e9s da sua investiga\u00e7\u00e3o art\u00edstica e processo criativo, apresentando-os a novos p\u00fablicos e reunindo artistas, colecionadores, curadores e institui\u00e7\u00f5es.<\/p>\n<p>Paralelamente, a galeria tamb\u00e9m atuar\u00e1 no mercado secund\u00e1rio, a fim de conectar colecionadores com pe\u00e7as especiais em todo o mundo, e tamb\u00e9m dar liquidez a outros que queiram fazer altera\u00e7\u00f5es em suas cole\u00e7\u00f5es.<\/p>\n<p>Acreditamos que os di\u00e1logos entre gera\u00e7\u00f5es, g\u00e9neros e culturas podem criar um ambiente rico para todos, que beneficiar\u00e1 todos os membros envolvidos neste ecossistema.<\/p>\n<p>Em 2025, a galeria abrir\u00e1 sua segunda unidade, no Rio de Janeiro, Brasil, dentro da hist\u00f3rica vila do Horto no Jardim Bot\u00e2nico.<\/p>\n<p>A abertura no Rio de Janeiro ajudar\u00e1 a fomentar o interc\u00e2mbio entre artistas e colecionadores dos dois continentes.<\/p>\n\t<\/div>\n<\/div>\n\n\n\n\n\t\t\t<\/div> \n\t\t<\/div>\n\t<\/div> \n\n\t<div  class=\"vc_col-sm-6 wpb_column column_container vc_column_container col padding-2-percent inherit_tablet inherit_phone\"  data-padding-pos=\"left-right\" data-has-bg-color=\"false\" data-bg-color=\"\" data-bg-opacity=\"1\" data-animation=\"\" data-delay=\"0\" >\n\t\t<div class=\"vc_column-inner\" >\n\t\t\t<div class=\"wpb_wrapper\">\n\t\t\t\t\n\t\t\t<\/div> \n\t\t<\/div>\n\t<\/div> \n<\/div><\/div>","protected":false},"excerpt":{"rendered":"About FEMALUMA FEMALUMA Gallery is the culmination of over a decade of collecting and obsession about art, and...","protected":false},"author":1,"featured_media":0,"parent":0,"menu_order":0,"comment_status":"closed","ping_status":"closed","template":"","meta":{"footnotes":""},"class_list":["post-606","page","type-page","status-publish"],"_links":{"self":[{"href":"https:\/\/femaluma.com\/pt\/wp-json\/wp\/v2\/pages\/606","targetHints":{"allow":["GET"]}}],"collection":[{"href":"https:\/\/femaluma.com\/pt\/wp-json\/wp\/v2\/pages"}],"about":[{"href":"https:\/\/femaluma.com\/pt\/wp-json\/wp\/v2\/types\/page"}],"author":[{"embeddable":true,"href":"https:\/\/femaluma.com\/pt\/wp-json\/wp\/v2\/users\/1"}],"replies":[{"embeddable":true,"href":"https:\/\/femaluma.com\/pt\/wp-json\/wp\/v2\/comments?post=606"}],"version-history":[{"count":7,"href":"https:\/\/femaluma.com\/pt\/wp-json\/wp\/v2\/pages\/606\/revisions"}],"predecessor-version":[{"id":818,"href":"https:\/\/femaluma.com\/pt\/wp-json\/wp\/v2\/pages\/606\/revisions\/818"}],"wp:attachment":[{"href":"https:\/\/femaluma.com\/pt\/wp-json\/wp\/v2\/media?parent=606"}],"curies":[{"name":"wp","href":"https:\/\/api.w.org\/{rel}","templated":true}]}}